{"id":704,"date":"2020-11-25T16:55:08","date_gmt":"2020-11-25T16:55:08","guid":{"rendered":"https:\/\/feherandras.hu\/?page_id=704"},"modified":"2023-08-31T09:15:45","modified_gmt":"2023-08-31T09:15:45","slug":"kezdooldal","status":"publish","type":"page","link":"https:\/\/feherandras.hu\/en\/","title":{"rendered":"Kezd\u0151oldal"},"content":{"rendered":"[et_pb_section fb_built=&#8221;1&#8243; fullwidth=&#8221;on&#8221; _builder_version=&#8221;4.7.3&#8243; _module_preset=&#8221;default&#8221;][et_pb_fullwidth_slider use_bg_overlay=&#8221;off&#8221; use_text_overlay=&#8221;off&#8221; _builder_version=&#8221;4.7.3&#8243; _module_preset=&#8221;default&#8221; background_color=&#8221;#000000&#8243; custom_button=&#8221;on&#8221; auto=&#8221;on&#8221; auto_ignore_hover=&#8221;on&#8221; header_text_shadow_style=&#8221;preset4&#8243; body_text_shadow_style=&#8221;preset4&#8243; button_text_shadow_style=&#8221;preset4&#8243;][et_pb_slide heading=&#8221;Von\u00f3s hangszerek k\u00e9sz\u00edt\u00e9se&#8221; button_text=&#8221;Tudjon meg t\u00f6bbet&#8221; button_link=&#8221;@ET-DC@eyJkeW5hbWljIjp0cnVlLCJjb250ZW50IjoicG9zdF9saW5rX3VybF9wYWdlIiwic2V0dGluZ3MiOnsicG9zdF9pZCI6IjQ1MyJ9fQ==@&#8221; _builder_version=&#8221;4.7.3&#8243; _dynamic_attributes=&#8221;button_link&#8221; _module_preset=&#8221;default&#8221; background_image=&#8221;https:\/\/feherandras.hu\/wp-content\/uploads\/2021\/07\/hegedukeszites-feher-andras.jpg&#8221; background_enable_image=&#8221;on&#8221; parallax=&#8221;on&#8221; sticky_transition=&#8221;on&#8221;]<p>My years of experience in this field allow me to make instruments with integrity and craftsmanship, with each individual instrument bearing stylistic traits of the school it represents.<\/p>[\/et_pb_slide][et_pb_slide heading=&#8221;Von\u00f3s hangszerek \u00e1rus\u00edt\u00e1sa&#8221; button_text=&#8221;Tudjon meg t\u00f6bbet&#8221; button_link=&#8221;@ET-DC@eyJkeW5hbWljIjp0cnVlLCJjb250ZW50IjoicG9zdF9saW5rX3VybF9wYWdlIiwic2V0dGluZ3MiOnsicG9zdF9pZCI6IjQ4NyJ9fQ==@&#8221; _builder_version=&#8221;4.7.3&#8243; _dynamic_attributes=&#8221;button_link&#8221; _module_preset=&#8221;default&#8221; background_image=&#8221;https:\/\/feherandras.hu\/wp-content\/uploads\/2020\/05\/88219555_s.jpg&#8221; background_enable_image=&#8221;on&#8221; parallax=&#8221;on&#8221; sticky_transition=&#8221;on&#8221;]<p>I buy and sell various types of stringed instruments, mainly violins, violas and cellos. <\/p>[\/et_pb_slide][et_pb_slide heading=&#8221;Tartoz\u00e9kok \u00e1rus\u00edt\u00e1sa&#8221; button_text=&#8221;Tudjon meg t\u00f6bbet&#8221; button_link=&#8221;@ET-DC@eyJkeW5hbWljIjp0cnVlLCJjb250ZW50IjoicG9zdF9saW5rX3VybF9wYWdlIiwic2V0dGluZ3MiOnsicG9zdF9pZCI6IjUwNiJ9fQ==@&#8221; _builder_version=&#8221;4.7.3&#8243; _dynamic_attributes=&#8221;button_link&#8221; _module_preset=&#8221;default&#8221; background_image=&#8221;https:\/\/feherandras.hu\/wp-content\/uploads\/2020\/05\/bowed-instrument-1853324.jpg&#8221; background_enable_image=&#8221;on&#8221; parallax=&#8221;on&#8221; sticky_transition=&#8221;on&#8221;]<p>I keep in stock a wide variety of parts and accessories including strings, bows, rosins and cases.<\/p>[\/et_pb_slide][et_pb_slide heading=&#8221;\u00c9rt\u00e9kbecsl\u00e9s&#8221; button_text=&#8221;Tudjon meg t\u00f6bbet&#8221; button_link=&#8221;@ET-DC@eyJkeW5hbWljIjp0cnVlLCJjb250ZW50IjoicG9zdF9saW5rX3VybF9wYWdlIiwic2V0dGluZ3MiOnsicG9zdF9pZCI6IjQ3OCJ9fQ==@&#8221; _builder_version=&#8221;4.7.3&#8243; _dynamic_attributes=&#8221;button_link&#8221; _module_preset=&#8221;default&#8221; background_image=&#8221;https:\/\/feherandras.hu\/wp-content\/uploads\/2020\/05\/violin-2560312.jpg&#8221; background_enable_image=&#8221;on&#8221; sticky_transition=&#8221;on&#8221;]<p>I offer expert appraisals of fine violins, violas, and cellos, along with a certificate of authenticity upon request.<\/p>[\/et_pb_slide][\/et_pb_fullwidth_slider][\/et_pb_section][et_pb_section fb_built=&#8221;1&#8243; _builder_version=&#8221;4.7.3&#8243; _module_preset=&#8221;default&#8221; custom_padding=&#8221;70px||20px||false|false&#8221;][et_pb_row _builder_version=&#8221;4.7.3&#8243; _module_preset=&#8221;default&#8221; custom_margin=&#8221;0px|auto||auto||&#8221;][et_pb_column type=&#8221;4_4&#8243; _builder_version=&#8221;4.7.3&#8243; _module_preset=&#8221;default&#8221;][et_pb_text _builder_version=&#8221;4.7.3&#8243; _module_preset=&#8221;default&#8221;]<h1 style=\"text-align: center; font-size:40px;\"><span style=\"color: #bd926d;\">Welcome<\/span><\/h1>[\/et_pb_text][\/et_pb_column][\/et_pb_row][\/et_pb_section][et_pb_section fb_built=&#8221;1&#8243; _builder_version=&#8221;4.7.3&#8243; _module_preset=&#8221;default&#8221; custom_padding=&#8221;0px||0px|||&#8221;][et_pb_row column_structure=&#8221;1_2,1_2&#8243; _builder_version=&#8221;4.7.3&#8243; _module_preset=&#8221;default&#8221; custom_padding=&#8221;||0px|||&#8221;][et_pb_column type=&#8221;1_2&#8243; _builder_version=&#8221;4.7.3&#8243; _module_preset=&#8221;default&#8221; custom_padding=&#8221;30px||||false|false&#8221;][et_pb_image src=&#8221;https:\/\/feherandras.hu\/wp-content\/uploads\/2021\/07\/feher-andras-hegedukeszito.jpg&#8221; title_text=&#8221;feher-andras-hegedukeszito&#8221; _builder_version=&#8221;4.7.3&#8243; _module_preset=&#8221;default&#8221; hover_enabled=&#8221;0&#8243; border_radii=&#8221;on|7px|7px|7px|7px&#8221; border_width_all=&#8221;10px&#8221; box_shadow_style=&#8221;preset2&#8243; box_shadow_horizontal=&#8221;-3px&#8221; box_shadow_blur=&#8221;28px&#8221; sticky_enabled=&#8221;0&#8243; border_color_all=&#8221;#ffffff&#8221;][\/et_pb_image][\/et_pb_column][et_pb_column type=&#8221;1_2&#8243; _builder_version=&#8221;4.7.3&#8243; _module_preset=&#8221;default&#8221;][et_pb_text _builder_version=&#8221;4.7.3&#8243; _module_preset=&#8221;default&#8221; custom_margin=&#8221;||50px|||&#8221;]<h1><strong>Andr\u00e1s Feh\u00e9r<\/strong><\/h1>\n<h4>violin maker<\/h4>[\/et_pb_text][et_pb_text _builder_version=&#8221;4.7.3&#8243; _module_preset=&#8221;default&#8221; custom_margin=&#8221;||51px|||&#8221;]<p class=\"wnd-align-justify translation-block\"><strong>In my workshop in Budapest<\/strong> My main focus is on making and restoration of period and contemporary stringed instruments and bows. <strong>Carefully prepared timber and dedicated work guarantee.<\/strong><\/p>\n<p class=\" translation-block\">By monitoring the individual work processes, the customer can gain an insight into the birth of his future musical instrument, which will not only reflect the personality of its creator, but also his future owner. In addition to making instruments, <strong>I also deal with repair work, which, in addition to simple settings, also involves the meticulous restoration of pieces of museum value<\/strong>, and my services also include work processes related to strings.<\/p>[\/et_pb_text][et_pb_button button_url=&#8221;@ET-DC@eyJkeW5hbWljIjp0cnVlLCJjb250ZW50IjoicG9zdF9saW5rX3VybF9wYWdlIiwic2V0dGluZ3MiOnsicG9zdF9pZCI6IjExNCJ9fQ==@&#8221; button_text=&#8221;Bemutatkoz\u00e1s&#8221; _builder_version=&#8221;4.7.3&#8243; _dynamic_attributes=&#8221;button_url&#8221; _module_preset=&#8221;default&#8221; custom_button=&#8221;on&#8221; button_text_color=&#8221;#bd926d&#8221;][\/et_pb_button][\/et_pb_column][\/et_pb_row][\/et_pb_section][et_pb_section fb_built=&#8221;1&#8243; _builder_version=&#8221;4.7.3&#8243; _module_preset=&#8221;default&#8221; custom_padding=&#8221;60px||60px||false|false&#8221;][et_pb_row _builder_version=&#8221;4.7.3&#8243; _module_preset=&#8221;default&#8221;][et_pb_column type=&#8221;4_4&#8243; _builder_version=&#8221;4.7.3&#8243; _module_preset=&#8221;default&#8221;][et_pb_text _builder_version=&#8221;4.7.3&#8243; _module_preset=&#8221;default&#8221;]<h1 style=\"text-align: center; font-size: 40px;\"><span style=\"color: #bd926d;\">Services<\/span><\/h1>[\/et_pb_text][\/et_pb_column][\/et_pb_row][\/et_pb_section][et_pb_section fb_built=&#8221;1&#8243; custom_padding_last_edited=&#8221;on|phone&#8221; admin_label=&#8221;Services&#8221; _builder_version=&#8221;4.7.3&#8243; custom_margin=&#8221;-17px|||||&#8221; custom_padding=&#8221;0px||75px|||&#8221; custom_padding_tablet=&#8221;0px||0px||true|false&#8221; custom_padding_phone=&#8221;&#8221; locked=&#8221;off&#8221;][et_pb_row column_structure=&#8221;1_3,1_3,1_3&#8243; make_equal=&#8221;on&#8221; _builder_version=&#8221;4.4.5&#8243;][et_pb_column type=&#8221;1_3&#8243; _builder_version=&#8221;4.0.9&#8243;][et_pb_text _builder_version=&#8221;4.7.3&#8243; text_font=&#8221;|600|||||||&#8221; header_3_font=&#8221;Raleway|700||on|||||&#8221; header_3_font_size=&#8221;16px&#8221; header_3_letter_spacing=&#8221;3px&#8221; header_3_line_height=&#8221;1.6em&#8221; use_background_color_gradient=&#8221;on&#8221; background_color_gradient_start=&#8221;rgba(52,43,28,0.45)&#8221; background_color_gradient_end=&#8221;#342b1c&#8221; background_color_gradient_overlays_image=&#8221;on&#8221; background_image=&#8221;https:\/\/feherandras.hu\/wp-content\/uploads\/2020\/05\/IMG_8852-6.jpg&#8221; z_index=&#8221;11&#8243; text_orientation=&#8221;center&#8221; background_layout=&#8221;dark&#8221; custom_margin=&#8221;||0px||false|false&#8221; custom_padding=&#8221;130px|20px|100px|20px|false|true&#8221; custom_padding_tablet=&#8221;80px||80px||true|false&#8221; custom_padding_phone=&#8221;&#8221; custom_padding_last_edited=&#8221;on|desktop&#8221; link_option_url=&#8221;\/vonos-hangszerek-keszitese&#8221; custom_padding__hover_enabled=&#8221;on|desktop&#8221; custom_padding__hover=&#8221;160px||120px||false|false&#8221;]<h3>stringed instruments<br \/> advice<\/h3>\n<p>&nbsp;<\/p>[\/et_pb_text][\/et_pb_column][et_pb_column type=&#8221;1_3&#8243; _builder_version=&#8221;4.0.9&#8243;][et_pb_text _builder_version=&#8221;4.7.3&#8243; text_font=&#8221;|600|||||||&#8221; header_3_font=&#8221;Raleway|700||on|||||&#8221; header_3_font_size=&#8221;16px&#8221; header_3_letter_spacing=&#8221;3px&#8221; header_3_line_height=&#8221;1.6em&#8221; use_background_color_gradient=&#8221;on&#8221; background_color_gradient_start=&#8221;rgba(52,43,28,0.45)&#8221; background_color_gradient_end=&#8221;#342b1c&#8221; background_color_gradient_overlays_image=&#8221;on&#8221; background_image=&#8221;https:\/\/feherandras.hu\/wp-content\/uploads\/2020\/05\/IMG_20190915_212538_480.jpg&#8221; z_index=&#8221;11&#8243; text_orientation=&#8221;center&#8221; background_layout=&#8221;dark&#8221; custom_margin=&#8221;||0px||false|false&#8221; custom_padding=&#8221;130px|20px|100px|20px|false|true&#8221; custom_padding_tablet=&#8221;80px||80px||true|false&#8221; custom_padding_phone=&#8221;&#8221; custom_padding_last_edited=&#8221;on|desktop&#8221; link_option_url=&#8221;\/vonos-hangszerek-es-vonok-javitasa&#8221; custom_padding__hover_enabled=&#8221;on|desktop&#8221; custom_padding__hover=&#8221;160px||120px||false|false&#8221;]<h3>stringed instruments<br \/> and strings repair<\/h3>\n<p>&nbsp;<\/p>[\/et_pb_text][\/et_pb_column][et_pb_column type=&#8221;1_3&#8243; _builder_version=&#8221;4.0.9&#8243;][et_pb_text _builder_version=&#8221;4.4.5&#8243; text_font=&#8221;|600|||||||&#8221; header_3_font=&#8221;Raleway|700||on|||||&#8221; header_3_font_size=&#8221;16px&#8221; header_3_letter_spacing=&#8221;3px&#8221; header_3_line_height=&#8221;1.6em&#8221; use_background_color_gradient=&#8221;on&#8221; background_color_gradient_start=&#8221;rgba(52,43,28,0.45)&#8221; background_color_gradient_end=&#8221;#342b1c&#8221; background_color_gradient_overlays_image=&#8221;on&#8221; background_image=&#8221;https:\/\/feherandras.hu\/wp-content\/uploads\/2020\/05\/IMG_20190925_115806_229-1-1.jpg&#8221; z_index=&#8221;11&#8243; text_orientation=&#8221;center&#8221; background_layout=&#8221;dark&#8221; custom_margin=&#8221;||0px||false|false&#8221; custom_padding=&#8221;130px|20px|100px|20px|false|true&#8221; custom_padding_tablet=&#8221;80px||80px||true|false&#8221; custom_padding_phone=&#8221;&#8221; custom_padding_last_edited=&#8221;on|desktop&#8221; link_option_url=&#8221;\/tartozekok-arusitasa&#8221; custom_padding__hover_enabled=&#8221;on|desktop&#8221; custom_padding__hover=&#8221;160px||120px||false|false&#8221;]<h3>accessories<br \/> for sale<\/h3>\n<p>&nbsp;<\/p>[\/et_pb_text][\/et_pb_column][\/et_pb_row][et_pb_row column_structure=&#8221;1_3,1_3,1_3&#8243; make_equal=&#8221;on&#8221; _builder_version=&#8221;4.0.9&#8243;][et_pb_column type=&#8221;1_3&#8243; _builder_version=&#8221;4.0.9&#8243;][et_pb_text _builder_version=&#8221;4.7.3&#8243; text_font=&#8221;|600|||||||&#8221; header_3_font=&#8221;Raleway|700||on|||||&#8221; header_3_font_size=&#8221;16px&#8221; header_3_letter_spacing=&#8221;3px&#8221; header_3_line_height=&#8221;1.6em&#8221; use_background_color_gradient=&#8221;on&#8221; background_color_gradient_start=&#8221;rgba(52,43,28,0.45)&#8221; background_color_gradient_end=&#8221;#342b1c&#8221; background_color_gradient_overlays_image=&#8221;on&#8221; background_image=&#8221;https:\/\/feherandras.hu\/wp-content\/uploads\/2020\/05\/instrument-3208416.jpg&#8221; z_index=&#8221;11&#8243; text_orientation=&#8221;center&#8221; background_layout=&#8221;dark&#8221; custom_margin=&#8221;||0px||false|false&#8221; custom_padding=&#8221;130px|20px|100px|20px|false|true&#8221; custom_padding_tablet=&#8221;80px||80px||true|false&#8221; custom_padding_phone=&#8221;&#8221; custom_padding_last_edited=&#8221;on|desktop&#8221; link_option_url=&#8221;\/vonos-hangszer-berbeadas&#8221; custom_padding__hover_enabled=&#8221;on|desktop&#8221; custom_padding__hover=&#8221;160px||120px||false|false&#8221;]<h3>Instuments<br \/> for rent<\/h3>\n<p>&nbsp;<\/p>[\/et_pb_text][\/et_pb_column][et_pb_column type=&#8221;1_3&#8243; _builder_version=&#8221;4.0.9&#8243;][et_pb_text _builder_version=&#8221;4.7.3&#8243; text_font=&#8221;|600|||||||&#8221; header_3_font=&#8221;Raleway|700||on|||||&#8221; header_3_font_size=&#8221;16px&#8221; header_3_letter_spacing=&#8221;3px&#8221; header_3_line_height=&#8221;1.6em&#8221; use_background_color_gradient=&#8221;on&#8221; background_color_gradient_start=&#8221;rgba(52,43,28,0.45)&#8221; background_color_gradient_end=&#8221;#342b1c&#8221; background_color_gradient_overlays_image=&#8221;on&#8221; background_image=&#8221;https:\/\/feherandras.hu\/wp-content\/uploads\/2020\/05\/bowed-instrument-1853324.jpg&#8221; z_index=&#8221;11&#8243; text_orientation=&#8221;center&#8221; background_layout=&#8221;dark&#8221; custom_margin=&#8221;||0px||false|false&#8221; custom_padding=&#8221;130px|20px|100px|20px|false|true&#8221; custom_padding_tablet=&#8221;80px||80px||true|false&#8221; custom_padding_phone=&#8221;&#8221; custom_padding_last_edited=&#8221;on|desktop&#8221; link_option_url=&#8221;\/szakertoi-velemeny-keszitese&#8221; custom_padding__hover_enabled=&#8221;on|desktop&#8221; custom_padding__hover=&#8221;160px||120px||false|false&#8221;]<h3>Expert<br \/> advice<\/h3>\n<p>&nbsp;<\/p>[\/et_pb_text][\/et_pb_column][et_pb_column type=&#8221;1_3&#8243; _builder_version=&#8221;4.0.9&#8243;][et_pb_text _builder_version=&#8221;4.7.3&#8243; text_font=&#8221;|600|||||||&#8221; header_3_font=&#8221;Raleway|700||on|||||&#8221; header_3_font_size=&#8221;16px&#8221; header_3_letter_spacing=&#8221;3px&#8221; header_3_line_height=&#8221;1.6em&#8221; use_background_color_gradient=&#8221;on&#8221; background_color_gradient_start=&#8221;rgba(52,43,28,0.45)&#8221; background_color_gradient_end=&#8221;#342b1c&#8221; background_color_gradient_overlays_image=&#8221;on&#8221; background_image=&#8221;https:\/\/feherandras.hu\/wp-content\/uploads\/2020\/05\/shutterstock_458684950-760&#215;505-1.jpg&#8221; z_index=&#8221;11&#8243; text_orientation=&#8221;center&#8221; background_layout=&#8221;dark&#8221; custom_margin=&#8221;||0px||false|false&#8221; custom_padding=&#8221;130px|20px|100px|20px|false|true&#8221; custom_padding_tablet=&#8221;80px||80px||true|false&#8221; custom_padding_phone=&#8221;&#8221; custom_padding_last_edited=&#8221;on|desktop&#8221; link_option_url=&#8221;\/helyszini-javitas-karbantartas&#8221; custom_padding__hover_enabled=&#8221;on|desktop&#8221; custom_padding__hover=&#8221;160px||120px||false|false&#8221;]<h3>On-site repair, maintenance<\/h3>\n<p>&nbsp;<\/p>[\/et_pb_text][\/et_pb_column][\/et_pb_row][et_pb_row column_structure=&#8221;1_2,1_2&#8243; make_equal=&#8221;on&#8221; _builder_version=&#8221;4.0.9&#8243;][et_pb_column type=&#8221;1_2&#8243; _builder_version=&#8221;4.0.9&#8243;][et_pb_text _builder_version=&#8221;4.7.3&#8243; text_font=&#8221;|600|||||||&#8221; header_3_font=&#8221;Raleway|700||on|||||&#8221; header_3_font_size=&#8221;16px&#8221; header_3_letter_spacing=&#8221;3px&#8221; header_3_line_height=&#8221;1.6em&#8221; use_background_color_gradient=&#8221;on&#8221; background_color_gradient_start=&#8221;rgba(52,43,28,0.45)&#8221; background_color_gradient_end=&#8221;#342b1c&#8221; background_color_gradient_overlays_image=&#8221;on&#8221; background_image=&#8221;https:\/\/feherandras.hu\/wp-content\/uploads\/2020\/05\/violin-2560312.jpg&#8221; z_index=&#8221;11&#8243; text_orientation=&#8221;center&#8221; background_layout=&#8221;dark&#8221; custom_margin=&#8221;||0px||false|false&#8221; custom_padding=&#8221;130px|20px|100px|20px|false|true&#8221; custom_padding_tablet=&#8221;80px||80px||true|false&#8221; custom_padding_phone=&#8221;&#8221; custom_padding_last_edited=&#8221;on|desktop&#8221; link_option_url=&#8221;\/vonos-hangszer-felvasarlas&#8221; custom_padding__hover_enabled=&#8221;on|desktop&#8221; custom_padding__hover=&#8221;160px||120px||false|false&#8221;]<h3>Buying of Stringed Instruments<\/h3>\n<p>&nbsp;<\/p>[\/et_pb_text][\/et_pb_column][et_pb_column type=&#8221;1_2&#8243; _builder_version=&#8221;4.0.9&#8243;][et_pb_text _builder_version=&#8221;4.7.3&#8243; text_font=&#8221;|600|||||||&#8221; header_3_font=&#8221;Raleway|700||on|||||&#8221; header_3_font_size=&#8221;16px&#8221; header_3_letter_spacing=&#8221;3px&#8221; header_3_line_height=&#8221;1.6em&#8221; use_background_color_gradient=&#8221;on&#8221; background_color_gradient_start=&#8221;rgba(52,43,28,0.45)&#8221; background_color_gradient_end=&#8221;#342b1c&#8221; background_color_gradient_overlays_image=&#8221;on&#8221; background_image=&#8221;https:\/\/feherandras.hu\/wp-content\/uploads\/2020\/05\/88219555_s.jpg&#8221; z_index=&#8221;11&#8243; text_orientation=&#8221;center&#8221; background_layout=&#8221;dark&#8221; custom_margin=&#8221;||0px||false|false&#8221; custom_padding=&#8221;130px|20px|100px|20px|false|true&#8221; custom_padding_tablet=&#8221;80px||80px||true|false&#8221; custom_padding_phone=&#8221;&#8221; custom_padding_last_edited=&#8221;on|desktop&#8221; link_option_url=&#8221;\/vonos-hangszerek-arusitasa&#8221; custom_padding__hover_enabled=&#8221;on|desktop&#8221; custom_padding__hover=&#8221;160px||120px||false|false&#8221;]<h3>stringed instruments for sale<\/h3>\n<p>&nbsp;<\/p>[\/et_pb_text][\/et_pb_column][\/et_pb_row][et_pb_row _builder_version=&#8221;4.7.3&#8243; _module_preset=&#8221;default&#8221; custom_padding=&#8221;75px|||||&#8221;][et_pb_column type=&#8221;4_4&#8243; _builder_version=&#8221;4.7.3&#8243; _module_preset=&#8221;default&#8221;][et_pb_text _builder_version=&#8221;4.7.3&#8243; _module_preset=&#8221;default&#8221;]<h1 style=\"text-align: center; font-size: 40px;\"><span style=\"color: #bd926d;\">Contact Me<\/span><\/h1>[\/et_pb_text][\/et_pb_column][\/et_pb_row][\/et_pb_section][et_pb_section fb_built=&#8221;1&#8243; custom_padding_last_edited=&#8221;on|phone&#8221; admin_label=&#8221;Szakasz&#8221; _builder_version=&#8221;4.4.8&#8243; background_color=&#8221;#4c4c4c&#8221; background_image=&#8221;https:\/\/feherandras.hu\/wp-content\/uploads\/2020\/04\/pexels-photo-165973.jpg&#8221; background_blend=&#8221;overlay&#8221; custom_padding=&#8221;85px||85px||true|false&#8221; custom_padding_tablet=&#8221;&#8221; custom_padding_phone=&#8221;49px||49px||true|false&#8221; global_module=&#8221;616&#8243;][et_pb_row _builder_version=&#8221;4.4.8&#8243; width_tablet=&#8221;&#8221; width_phone=&#8221;90%&#8221; width_last_edited=&#8221;on|desktop&#8221; max_width=&#8221;2560px&#8221;][et_pb_column type=&#8221;4_4&#8243; _builder_version=&#8221;4.4.8&#8243;][et_pb_text _builder_version=&#8221;4.4.8&#8243; header_2_text_align=&#8221;center&#8221; header_2_text_color=&#8221;#ffffff&#8221; header_2_font_size=&#8221;40px&#8221; header_2_font_size_tablet=&#8221;&#8221; header_2_font_size_phone=&#8221;30px&#8221; header_2_font_size_last_edited=&#8221;on|phone&#8221;]<h2 class=\"et_pb_module_header et-fb-editable-element et-fb-editable-element__editing\" data-shortcode-id=\"3.0-1591641166054\" data-quickaccess-id=\"title\" contenteditable=\"true\">Expertise and quality for the lover of all stringed instruments.<\/h2>[\/et_pb_text][et_pb_button button_url=&#8221;\/kapcsolat&#8221; button_text=&#8221;K\u00e9rjen aj\u00e1nlatot!&#8221; button_alignment=&#8221;center&#8221; _builder_version=&#8221;4.7.3&#8243; custom_button=&#8221;on&#8221; button_text_color=&#8221;#ffffff&#8221; button_bg_color=&#8221;#bd926d&#8221; button_border_width=&#8221;0px&#8221; button_font=&#8221;|300|||||||&#8221;][\/et_pb_button][\/et_pb_column][\/et_pb_row][\/et_pb_section]","protected":false},"excerpt":{"rendered":"","protected":false},"author":3,"featured_media":0,"parent":0,"menu_order":0,"comment_status":"closed","ping_status":"closed","template":"","meta":{"_et_pb_use_builder":"on","_et_pb_old_content":"","_et_gb_content_width":""},"_links":{"self":[{"href":"https:\/\/feherandras.hu\/en\/wp-json\/wp\/v2\/pages\/704"}],"collection":[{"href":"https:\/\/feherandras.hu\/en\/wp-json\/wp\/v2\/pages"}],"about":[{"href":"https:\/\/feherandras.hu\/en\/wp-json\/wp\/v2\/types\/page"}],"author":[{"embeddable":true,"href":"https:\/\/feherandras.hu\/en\/wp-json\/wp\/v2\/users\/3"}],"replies":[{"embeddable":true,"href":"https:\/\/feherandras.hu\/en\/wp-json\/wp\/v2\/comments?post=704"}],"version-history":[{"count":16,"href":"https:\/\/feherandras.hu\/en\/wp-json\/wp\/v2\/pages\/704\/revisions"}],"predecessor-version":[{"id":808,"href":"https:\/\/feherandras.hu\/en\/wp-json\/wp\/v2\/pages\/704\/revisions\/808"}],"wp:attachment":[{"href":"https:\/\/feherandras.hu\/en\/wp-json\/wp\/v2\/media?parent=704"}],"curies":[{"name":"wp","href":"https:\/\/api.w.org\/{rel}","templated":true}]}}