{"id":497,"date":"2020-05-17T10:16:55","date_gmt":"2020-05-17T10:16:55","guid":{"rendered":"https:\/\/feherandras.hu\/?page_id=497"},"modified":"2020-12-14T15:30:28","modified_gmt":"2020-12-14T15:30:28","slug":"helyszini-javitas-karbantartas","status":"publish","type":"page","link":"https:\/\/feherandras.hu\/en\/helyszini-javitas-karbantartas\/","title":{"rendered":"On-site repair, maintenance"},"content":{"rendered":"[et_pb_section fb_built=&#8221;1&#8243; _builder_version=&#8221;4.4.8&#8243; background_color=&#8221;rgba(0,0,0,0.4)&#8221; background_image=&#8221;https:\/\/feherandras.hu\/wp-content\/uploads\/2020\/05\/IMG_8870.jpg&#8221; hover_enabled=&#8221;0&#8243; saved_tabs=&#8221;all&#8221; background_blend=&#8221;overlay&#8221; title_text=&#8221;IMG_8870&#8243;][et_pb_row _builder_version=&#8221;4.4.8&#8243; hover_enabled=&#8221;0&#8243; width_last_edited=&#8221;on|phone&#8221; width_phone=&#8221;90%&#8221;][et_pb_column type=&#8221;4_4&#8243; _builder_version=&#8221;4.4.8&#8243;][et_pb_text _builder_version=&#8221;4.4.8&#8243; header_text_color=&#8221;#ffffff&#8221; header_font_size=&#8221;40px&#8221; custom_padding=&#8221;52px||52px||true|false&#8221; hover_enabled=&#8221;0&#8243; header_text_shadow_style=&#8221;preset1&#8243;]<h1 style=\"text-align: center;\">On-site repair, maintenance<\/h1>\n[\/et_pb_text][\/et_pb_column][\/et_pb_row][\/et_pb_section][et_pb_section fb_built=&#8221;1&#8243; _builder_version=&#8221;4.4.5&#8243; background_color=&#8221;#f2f2f2&#8243;][et_pb_row column_structure=&#8221;1_2,1_2&#8243; _builder_version=&#8221;4.4.3&#8243; custom_margin=&#8221;15px||15px||true|false&#8221;][et_pb_column type=&#8221;1_2&#8243; _builder_version=&#8221;4.4.3&#8243;][et_pb_image src=&#8221;https:\/\/feherandras.hu\/wp-content\/uploads\/2020\/05\/shutterstock_458684950-760&#215;505-1.jpg&#8221; title_text=&#8221;shutterstock_458684950-760&#215;505&#8243; _builder_version=&#8221;4.4.5&#8243;][\/et_pb_image][\/et_pb_column][et_pb_column type=&#8221;1_2&#8243; _builder_version=&#8221;4.4.3&#8243;][et_pb_text _builder_version=&#8221;4.4.5&#8243; header_font_size=&#8221;40px&#8221; header_2_font=&#8221;Exo 2||||||||&#8221; header_2_text_color=&#8221;#bd926d&#8221; header_2_font_size=&#8221;40px&#8221; header_4_font_size=&#8221;40px&#8221;]<h2><span>On-site repair, maintenance<\/span><\/h2>[\/et_pb_text][et_pb_text _builder_version=&#8221;4.4.5&#8243; text_font=&#8221;Raleway|300|||||||&#8221; text_text_color=&#8221;#888888&#8243; text_line_height=&#8221;1.8em&#8221;]<p>Egyes jav\u00edt\u00e1si munk\u00e1k elv\u00e9gz\u00e9se ig\u00e9ny szerint k\u00fcls\u0151 helysz\u00ednen is megoldhat\u00f3, amennyiben azok nem kiz\u00e1r\u00f3lagosan helyhez k\u00f6t\u00f6ttek. A kisz\u00e1ll\u00e1s d\u00edja k\u00fcl\u00f6n, a jav\u00edt\u00e1s \u00e1r\u00e1n fel\u00fcl ker\u00fcl meg\u00e1llap\u00edt\u00e1sra.<\/p>[\/et_pb_text][et_pb_button button_url=&#8221;\/kapcsolat&#8221; button_text=&#8221;K\u00e9rjen aj\u00e1nlatot&#8221; _builder_version=&#8221;4.4.5&#8243; custom_button=&#8221;on&#8221; button_text_size=&#8221;18px&#8221; button_text_color=&#8221;#ffffff&#8221; button_bg_color=&#8221;#b48358&#8243; button_border_width=&#8221;0px&#8221; button_border_radius=&#8221;0px&#8221; button_font=&#8221;Raleway||||||||&#8221; button_icon=&#8221;%%3%%&#8221;][\/et_pb_button][\/et_pb_column][\/et_pb_row][\/et_pb_section][et_pb_section fb_built=&#8221;1&#8243; _builder_version=&#8221;4.4.3&#8243; custom_padding=&#8221;0px|||||&#8221;][et_pb_row _builder_version=&#8221;4.4.3&#8243; custom_margin=&#8221;15px||15px||true|false&#8221;][et_pb_column type=&#8221;4_4&#8243; _builder_version=&#8221;4.4.3&#8243;][et_pb_text _builder_version=&#8221;4.4.3&#8243; header_font_size=&#8221;40px&#8221; header_2_font=&#8221;Exo 2||||||||&#8221; header_2_text_color=&#8221;#bd926d&#8221; header_2_font_size=&#8221;40px&#8221; header_4_font_size=&#8221;40px&#8221;]<h2 style=\"text-align: center;\">Gallery<\/h2>[\/et_pb_text][\/et_pb_column][\/et_pb_row][et_pb_row _builder_version=&#8221;4.4.3&#8243; module_alignment=&#8221;center&#8221;][et_pb_column type=&#8221;4_4&#8243; _builder_version=&#8221;4.4.3&#8243;][et_pb_gallery gallery_ids=&#8221;457,458,459,411,456,248,249,252,460&#8243; gallery_orderby=&#8221;rand&#8221; posts_number=&#8221;10&#8243; orientation=&#8221;portrait&#8221; show_title_and_caption=&#8221;off&#8221; show_pagination=&#8221;off&#8221; zoom_icon_color=&#8221;#000000&#8243; hover_overlay_color=&#8221;#000000&#8243; hover_icon=&#8221;%%3%%&#8221; _builder_version=&#8221;4.4.5&#8243; module_alignment=&#8221;center&#8221;][\/et_pb_gallery][\/et_pb_column][\/et_pb_row][\/et_pb_section][et_pb_section fb_built=&#8221;1&#8243; custom_padding_last_edited=&#8221;on|phone&#8221; _builder_version=&#8221;4.4.8&#8243; background_color=&#8221;#4c4c4c&#8221; background_image=&#8221;https:\/\/feherandras.hu\/wp-content\/uploads\/2020\/04\/pexels-photo-165973.jpg&#8221; background_blend=&#8221;overlay&#8221; custom_padding=&#8221;85px||85px||true|false&#8221; custom_padding_tablet=&#8221;&#8221; custom_padding_phone=&#8221;49px||49px||true|false&#8221; global_module=&#8221;616&#8243;][et_pb_row _builder_version=&#8221;4.4.8&#8243; width_tablet=&#8221;&#8221; width_phone=&#8221;90%&#8221; width_last_edited=&#8221;on|desktop&#8221; max_width=&#8221;2560px&#8221;][et_pb_column type=&#8221;4_4&#8243; _builder_version=&#8221;4.4.8&#8243;][et_pb_text _builder_version=&#8221;4.4.8&#8243; header_2_text_align=&#8221;center&#8221; header_2_text_color=&#8221;#ffffff&#8221; header_2_font_size=&#8221;40px&#8221; header_2_font_size_tablet=&#8221;&#8221; header_2_font_size_phone=&#8221;30px&#8221; header_2_font_size_last_edited=&#8221;on|phone&#8221;]<h2 class=\"et_pb_module_header et-fb-editable-element et-fb-editable-element__editing\" data-shortcode-id=\"3.0-1591641166054\" data-quickaccess-id=\"title\" contenteditable=\"true\">Expertise and quality for the lover of all stringed instruments.<\/h2>[\/et_pb_text][et_pb_button button_url=&#8221;\/kapcsolat&#8221; button_text=&#8221;K\u00e9rjen aj\u00e1nlatot!&#8221; button_alignment=&#8221;center&#8221; _builder_version=&#8221;4.4.8&#8243; custom_button=&#8221;on&#8221; button_text_color=&#8221;#ffffff&#8221; button_bg_color=&#8221;#bcbcbc&#8221; button_border_width=&#8221;0px&#8221; button_font=&#8221;|300|||||||&#8221;][\/et_pb_button][\/et_pb_column][\/et_pb_row][\/et_pb_section][et_pb_section fb_built=&#8221;1&#8243; _builder_version=&#8221;4.4.3&#8243; background_color=&#8221;#f2f2f2&#8243; custom_padding=&#8221;0px||0px|||&#8221; saved_tabs=&#8221;all&#8221;][et_pb_row column_structure=&#8221;1_2,1_2&#8243; _builder_version=&#8221;4.4.3&#8243;][et_pb_column type=&#8221;1_2&#8243; _builder_version=&#8221;4.4.3&#8243;][et_pb_image src=&#8221;https:\/\/feherandras.hu\/wp-content\/uploads\/2020\/04\/andras-logo.svg&#8221; align=&#8221;center&#8221; align_tablet=&#8221;&#8221; align_phone=&#8221;center&#8221; align_last_edited=&#8221;on|phone&#8221; _builder_version=&#8221;4.4.3&#8243; width=&#8221;30%&#8221;][\/et_pb_image][\/et_pb_column][et_pb_column type=&#8221;1_2&#8243; _builder_version=&#8221;4.4.3&#8243;][et_pb_text _builder_version=&#8221;4.4.3&#8243;]<p style=\"text-align: center;\" class=\" translation-block\">\u00a92020 Andr\u00e1s Feh\u00e9r All Rights Reserved.<\/p>[\/et_pb_text][\/et_pb_column][\/et_pb_row][\/et_pb_section]","protected":false},"excerpt":{"rendered":"","protected":false},"author":1,"featured_media":457,"parent":0,"menu_order":0,"comment_status":"closed","ping_status":"closed","template":"","meta":{"_et_pb_use_builder":"on","_et_pb_old_content":"","_et_gb_content_width":""},"_links":{"self":[{"href":"https:\/\/feherandras.hu\/en\/wp-json\/wp\/v2\/pages\/497"}],"collection":[{"href":"https:\/\/feherandras.hu\/en\/wp-json\/wp\/v2\/pages"}],"about":[{"href":"https:\/\/feherandras.hu\/en\/wp-json\/wp\/v2\/types\/page"}],"author":[{"embeddable":true,"href":"https:\/\/feherandras.hu\/en\/wp-json\/wp\/v2\/users\/1"}],"replies":[{"embeddable":true,"href":"https:\/\/feherandras.hu\/en\/wp-json\/wp\/v2\/comments?post=497"}],"version-history":[{"count":4,"href":"https:\/\/feherandras.hu\/en\/wp-json\/wp\/v2\/pages\/497\/revisions"}],"predecessor-version":[{"id":737,"href":"https:\/\/feherandras.hu\/en\/wp-json\/wp\/v2\/pages\/497\/revisions\/737"}],"wp:featuredmedia":[{"embeddable":true,"href":"https:\/\/feherandras.hu\/en\/wp-json\/wp\/v2\/media\/457"}],"wp:attachment":[{"href":"https:\/\/feherandras.hu\/en\/wp-json\/wp\/v2\/media?parent=497"}],"curies":[{"name":"wp","href":"https:\/\/api.w.org\/{rel}","templated":true}]}}