{"id":381,"date":"2020-05-17T09:09:33","date_gmt":"2020-05-17T09:09:33","guid":{"rendered":"https:\/\/feherandras.hu\/?page_id=381"},"modified":"2021-07-13T11:19:32","modified_gmt":"2021-07-13T11:19:32","slug":"vonos-hangszer-berbeadas","status":"publish","type":"page","link":"https:\/\/feherandras.hu\/en\/vonos-hangszer-berbeadas\/","title":{"rendered":"Rentals"},"content":{"rendered":"<p>[et_pb_section fb_built=&#8221;1&#8243; _builder_version=&#8221;4.4.8&#8243; background_color=&#8221;rgba(0,0,0,0.4)&#8221; background_image=&#8221;https:\/\/feherandras.hu\/wp-content\/uploads\/2020\/05\/instrument-3208416.jpg&#8221; background_blend=&#8221;overlay&#8221; saved_tabs=&#8221;all&#8221;][et_pb_row _builder_version=&#8221;4.4.8&#8243;][et_pb_column type=&#8221;4_4&#8243; _builder_version=&#8221;4.4.8&#8243;][et_pb_text _builder_version=&#8221;4.4.8&#8243; header_text_color=&#8221;#ffffff&#8221; header_font_size=&#8221;40px&#8221; custom_padding=&#8221;52px||52px||true|false&#8221; header_text_shadow_style=&#8221;preset1&#8243;]<\/p>\n<h1 style=\"text-align: center;\">Rentals<\/h1>\n<p>[\/et_pb_text][\/et_pb_column][\/et_pb_row][\/et_pb_section][et_pb_section fb_built=&#8221;1&#8243; _builder_version=&#8221;4.4.5&#8243; background_color=&#8221;#f2f2f2&#8243;][et_pb_row column_structure=&#8221;1_2,1_2&#8243; _builder_version=&#8221;4.4.3&#8243; custom_margin=&#8221;15px||15px||true|false&#8221;][et_pb_column type=&#8221;1_2&#8243; _builder_version=&#8221;4.4.3&#8243;][et_pb_image src=&#8221;https:\/\/feherandras.hu\/wp-content\/uploads\/2020\/05\/geige-8.jpg&#8221; title_text=&#8221;geige-8&#8243; _builder_version=&#8221;4.4.5&#8243;][\/et_pb_image][\/et_pb_column][et_pb_column type=&#8221;1_2&#8243; _builder_version=&#8221;4.4.3&#8243;][et_pb_text _builder_version=&#8221;4.4.5&#8243; header_font_size=&#8221;40px&#8221; header_2_font=&#8221;Exo 2||||||||&#8221; header_2_text_color=&#8221;#bd926d&#8221; header_2_font_size=&#8221;40px&#8221; header_4_font_size=&#8221;40px&#8221;]<\/p>\n<h2>Rentals<\/h2>\n<p>[\/et_pb_text][et_pb_text _builder_version=&#8221;4.4.5&#8243; text_font=&#8221;Raleway|300|||||||&#8221; text_text_color=&#8221;#888888&#8243; text_line_height=&#8221;1.8em&#8221;]<\/p>\n<p>Our rental program offers stringed instruments in all sizes that are affordable and expertly set up. All instruments come with a bow and case.<\/p>\n<p>[\/et_pb_text][et_pb_button button_url=&#8221;\/kapcsolat&#8221; button_text=&#8221;K\u00e9rjen aj\u00e1nlatot&#8221; _builder_version=&#8221;4.4.5&#8243; custom_button=&#8221;on&#8221; button_text_size=&#8221;18px&#8221; button_text_color=&#8221;#ffffff&#8221; button_bg_color=&#8221;#b48358&#8243; button_border_width=&#8221;0px&#8221; button_border_radius=&#8221;0px&#8221; button_font=&#8221;Raleway||||||||&#8221; button_icon=&#8221;%%3%%&#8221;][\/et_pb_button][\/et_pb_column][\/et_pb_row][\/et_pb_section][et_pb_section fb_built=&#8221;1&#8243; _builder_version=&#8221;4.4.3&#8243; custom_padding=&#8221;0px|||||&#8221;][et_pb_row _builder_version=&#8221;4.4.3&#8243; custom_margin=&#8221;15px||15px||true|false&#8221;][et_pb_column type=&#8221;4_4&#8243; _builder_version=&#8221;4.4.3&#8243;][et_pb_text _builder_version=&#8221;4.4.3&#8243; header_font_size=&#8221;40px&#8221; header_2_font=&#8221;Exo 2||||||||&#8221; header_2_text_color=&#8221;#bd926d&#8221; header_2_font_size=&#8221;40px&#8221; header_4_font_size=&#8221;40px&#8221;]<\/p>\n<h2 style=\"text-align: center;\">Gallery<\/h2>\n<p>[\/et_pb_text][\/et_pb_column][\/et_pb_row][et_pb_row _builder_version=&#8221;4.4.3&#8243; module_alignment=&#8221;center&#8221;][et_pb_column type=&#8221;4_4&#8243; _builder_version=&#8221;4.4.3&#8243;][et_pb_gallery gallery_ids=&#8221;411,412,413,414,415,416&#8243; gallery_orderby=&#8221;rand&#8221; posts_number=&#8221;10&#8243; orientation=&#8221;portrait&#8221; show_title_and_caption=&#8221;off&#8221; show_pagination=&#8221;off&#8221; zoom_icon_color=&#8221;#000000&#8243; hover_overlay_color=&#8221;#000000&#8243; hover_icon=&#8221;%%3%%&#8221; _builder_version=&#8221;4.4.5&#8243; module_alignment=&#8221;center&#8221;][\/et_pb_gallery][\/et_pb_column][\/et_pb_row][\/et_pb_section][et_pb_section fb_built=&#8221;1&#8243; custom_padding_last_edited=&#8221;on|phone&#8221; admin_label=&#8221;Szakasz&#8221; _builder_version=&#8221;4.4.8&#8243; background_color=&#8221;#4c4c4c&#8221; background_image=&#8221;https:\/\/feherandras.hu\/wp-content\/uploads\/2020\/04\/pexels-photo-165973.jpg&#8221; background_blend=&#8221;overlay&#8221; custom_padding=&#8221;85px||85px||true|false&#8221; custom_padding_tablet=&#8221;&#8221; custom_padding_phone=&#8221;49px||49px||true|false&#8221; global_module=&#8221;616&#8243;][et_pb_row _builder_version=&#8221;4.4.8&#8243; width_tablet=&#8221;&#8221; width_phone=&#8221;90%&#8221; width_last_edited=&#8221;on|desktop&#8221; max_width=&#8221;2560px&#8221;][et_pb_column type=&#8221;4_4&#8243; _builder_version=&#8221;4.4.8&#8243;][et_pb_text _builder_version=&#8221;4.4.8&#8243; header_2_text_align=&#8221;center&#8221; header_2_text_color=&#8221;#ffffff&#8221; header_2_font_size=&#8221;40px&#8221; header_2_font_size_tablet=&#8221;&#8221; header_2_font_size_phone=&#8221;30px&#8221; header_2_font_size_last_edited=&#8221;on|phone&#8221;]<\/p>\n<h2 class=\"et_pb_module_header et-fb-editable-element et-fb-editable-element__editing\" data-shortcode-id=\"3.0-1591641166054\" data-quickaccess-id=\"title\" contenteditable=\"true\">Expertise and quality for the lover of all stringed instruments.<\/h2>\n<p>[\/et_pb_text][et_pb_button button_url=&#8221;\/kapcsolat&#8221; button_text=&#8221;K\u00e9rjen aj\u00e1nlatot!&#8221; button_alignment=&#8221;center&#8221; _builder_version=&#8221;4.7.3&#8243; custom_button=&#8221;on&#8221; button_text_color=&#8221;#ffffff&#8221; button_bg_color=&#8221;#bd926d&#8221; button_border_width=&#8221;0px&#8221; button_font=&#8221;|300|||||||&#8221;][\/et_pb_button][\/et_pb_column][\/et_pb_row][\/et_pb_section]<\/p>","protected":false},"excerpt":{"rendered":"<p>[et_pb_section fb_built=&#8221;1&#8243; _builder_version=&#8221;4.4.8&#8243; background_color=&#8221;rgba(0,0,0,0.4)&#8221; background_image=&#8221;https:\/\/feherandras.hu\/wp-content\/uploads\/2020\/05\/instrument-3208416.jpg&#8221; background_blend=&#8221;overlay&#8221; saved_tabs=&#8221;all&#8221;][et_pb_row _builder_version=&#8221;4.4.8&#8243;][et_pb_column type=&#8221;4_4&#8243; _builder_version=&#8221;4.4.8&#8243;][et_pb_text _builder_version=&#8221;4.4.8&#8243; header_text_color=&#8221;#ffffff&#8221; header_font_size=&#8221;40px&#8221; custom_padding=&#8221;52px||52px||true|false&#8221; header_text_shadow_style=&#8221;preset1&#8243;] Von\u00f3s hangszer b\u00e9rbead\u00e1s [\/et_pb_text][\/et_pb_column][\/et_pb_row][\/et_pb_section][et_pb_section fb_built=&#8221;1&#8243; _builder_version=&#8221;4.4.5&#8243; background_color=&#8221;#f2f2f2&#8243;][et_pb_row column_structure=&#8221;1_2,1_2&#8243; _builder_version=&#8221;4.4.3&#8243; custom_margin=&#8221;15px||15px||true|false&#8221;][et_pb_column type=&#8221;1_2&#8243; _builder_version=&#8221;4.4.3&#8243;][et_pb_image src=&#8221;https:\/\/feherandras.hu\/wp-content\/uploads\/2020\/05\/geige-8.jpg&#8221; title_text=&#8221;geige-8&#8243; _builder_version=&#8221;4.4.5&#8243;][\/et_pb_image][\/et_pb_column][et_pb_column type=&#8221;1_2&#8243; _builder_version=&#8221;4.4.3&#8243;][et_pb_text _builder_version=&#8221;4.4.5&#8243; header_font_size=&#8221;40px&#8221; header_2_font=&#8221;Exo 2||||||||&#8221; header_2_text_color=&#8221;#bd926d&#8221; header_2_font_size=&#8221;40px&#8221; header_4_font_size=&#8221;40px&#8221;] Von\u00f3s hangszer b\u00e9rbead\u00e1s [\/et_pb_text][et_pb_text _builder_version=&#8221;4.4.5&#8243; text_font=&#8221;Raleway|300|||||||&#8221; text_text_color=&#8221;#888888&#8243; text_line_height=&#8221;1.8em&#8221;] Ig\u00e9ny eset\u00e9n a rendelkez\u00e9sre \u00e1ll\u00f3 zeneeszk\u00f6z\u00f6k a hozz\u00e1juk [&hellip;]<\/p>","protected":false},"author":1,"featured_media":0,"parent":0,"menu_order":0,"comment_status":"closed","ping_status":"closed","template":"","meta":{"_et_pb_use_builder":"on","_et_pb_old_content":"","_et_gb_content_width":""},"_links":{"self":[{"href":"https:\/\/feherandras.hu\/en\/wp-json\/wp\/v2\/pages\/381"}],"collection":[{"href":"https:\/\/feherandras.hu\/en\/wp-json\/wp\/v2\/pages"}],"about":[{"href":"https:\/\/feherandras.hu\/en\/wp-json\/wp\/v2\/types\/page"}],"author":[{"embeddable":true,"href":"https:\/\/feherandras.hu\/en\/wp-json\/wp\/v2\/users\/1"}],"replies":[{"embeddable":true,"href":"https:\/\/feherandras.hu\/en\/wp-json\/wp\/v2\/comments?post=381"}],"version-history":[{"count":18,"href":"https:\/\/feherandras.hu\/en\/wp-json\/wp\/v2\/pages\/381\/revisions"}],"predecessor-version":[{"id":787,"href":"https:\/\/feherandras.hu\/en\/wp-json\/wp\/v2\/pages\/381\/revisions\/787"}],"wp:attachment":[{"href":"https:\/\/feherandras.hu\/en\/wp-json\/wp\/v2\/media?parent=381"}],"curies":[{"name":"wp","href":"https:\/\/api.w.org\/{rel}","templated":true}]}}