{"id":120,"date":"2020-04-28T05:40:02","date_gmt":"2020-04-28T05:40:02","guid":{"rendered":"https:\/\/feherandras.hu\/?page_id=120"},"modified":"2025-02-14T13:58:08","modified_gmt":"2025-02-14T13:58:08","slug":"kapcsolat","status":"publish","type":"page","link":"https:\/\/feherandras.hu\/en\/kapcsolat\/","title":{"rendered":"Contact"},"content":{"rendered":"<p>[et_pb_section fb_built=&#8221;1&#8243; _builder_version=&#8221;4.4.8&#8243; background_color=&#8221;rgba(0,0,0,0.4)&#8221; background_image=&#8221;https:\/\/feherandras.hu\/wp-content\/uploads\/2020\/05\/belteri-fa-fedett-hangjegyek-697672.jpg&#8221; parallax=&#8221;on&#8221; saved_tabs=&#8221;all&#8221;][et_pb_row _builder_version=&#8221;4.4.8&#8243;][et_pb_column type=&#8221;4_4&#8243; _builder_version=&#8221;4.4.8&#8243;][et_pb_text _builder_version=&#8221;4.4.8&#8243; header_text_color=&#8221;#ffffff&#8221; header_font_size=&#8221;40px&#8221; custom_padding=&#8221;52px||52px||true|false&#8221; header_text_shadow_style=&#8221;preset1&#8243;]<\/p>\n<h1 style=\"text-align: center;\">Contact<\/h1>\n<p>[\/et_pb_text][\/et_pb_column][\/et_pb_row][\/et_pb_section][et_pb_section fb_built=&#8221;1&#8243; _builder_version=&#8221;4.4.3&#8243;][et_pb_row column_structure=&#8221;1_2,1_2&#8243; _builder_version=&#8221;4.4.3&#8243;][et_pb_column type=&#8221;1_2&#8243; _builder_version=&#8221;4.4.3&#8243;][et_pb_text _builder_version=&#8221;4.7.3&#8243; header_3_font=&#8221;Raleway|600|||||||&#8221; header_3_font_size=&#8221;24px&#8221;]<\/p>\n<h3 style=\"text-align: left;\">Egyeztessen velem szem\u00e9lyre szabottan, telefonon kereszt\u00fcl foglalt id\u0151pontban:<\/h3>\n<p>[\/et_pb_text][et_pb_text _builder_version=&#8221;4.7.3&#8243; text_font=&#8221;Raleway|300|||||||&#8221; text_text_color=&#8221;#888888&#8243;]<\/p>\n<p class=\"wnd-align-right\"><strong>C\u00edm:\u00a0<a href=\"https:\/\/www.google.com\/maps\/dir\/\/Budapest,+M%C3%A1rv%C3%A1ny+utca+27\/@47.4950215,19.0163097,16z\/data=!4m9!4m8!1m0!1m5!1m1!1s0x4741dc27c432f369:0x4a015c9cb99d1654!2m2!1d19.0214596!2d47.4950144!3e0?entry=ttu\" target=\"_blank\" rel=\"nofollow noopener noreferrer\">1123, Budapest, Alkot\u00e1s utca 23.-25.<\/a><br \/> E-mail: <a href=\"mailto:andrasfeher.violin@gmail.com\">andrasfeher.violin@gmail.com<\/a><\/strong><br \/> <strong>Mobil: <a href=\"tel:+36704091461\">+36-70-409-1461<\/a><\/strong><\/p>\n<p>[\/et_pb_text][\/et_pb_column][et_pb_column type=&#8221;1_2&#8243; _builder_version=&#8221;4.4.3&#8243;][et_pb_text _builder_version=&#8221;4.4.3&#8243; header_font_size=&#8221;40px&#8221; header_2_font=&#8221;Exo 2||||||||&#8221; header_2_text_color=&#8221;#bd926d&#8221; header_2_font_size=&#8221;40px&#8221; header_4_font_size=&#8221;40px&#8221;]<\/p>\n<h2 style=\"text-align: left;\">Request for Quotation<\/h2>\n<p>[\/et_pb_text][et_pb_contact_form captcha=&#8221;off&#8221; email=&#8221;andrasfeher.violin@gmail.com&#8221; _builder_version=&#8221;4.4.5&#8243; title_font_size=&#8221;26px&#8221; captcha_font_size=&#8221;16px&#8221; custom_button=&#8221;on&#8221; button_text_color=&#8221;#ffffff&#8221; button_bg_color=&#8221;#bd926d&#8221;][et_pb_contact_field field_id=&#8221;Name&#8221; field_title=&#8221;N\u00e9v&#8221; _builder_version=&#8221;4.4.3&#8243; form_field_font_size=&#8221;16px&#8221; button_text_size__hover_enabled=&#8221;off&#8221; button_one_text_size__hover_enabled=&#8221;off&#8221; button_two_text_size__hover_enabled=&#8221;off&#8221; button_text_color__hover_enabled=&#8221;off&#8221; button_one_text_color__hover_enabled=&#8221;off&#8221; button_two_text_color__hover_enabled=&#8221;off&#8221; button_border_width__hover_enabled=&#8221;off&#8221; button_one_border_width__hover_enabled=&#8221;off&#8221; button_two_border_width__hover_enabled=&#8221;off&#8221; button_border_color__hover_enabled=&#8221;off&#8221; button_one_border_color__hover_enabled=&#8221;off&#8221; button_two_border_color__hover_enabled=&#8221;off&#8221; button_border_radius__hover_enabled=&#8221;off&#8221; button_one_border_radius__hover_enabled=&#8221;off&#8221; button_two_border_radius__hover_enabled=&#8221;off&#8221; button_letter_spacing__hover_enabled=&#8221;off&#8221; button_one_letter_spacing__hover_enabled=&#8221;off&#8221; button_two_letter_spacing__hover_enabled=&#8221;off&#8221; button_bg_color__hover_enabled=&#8221;off&#8221; button_one_bg_color__hover_enabled=&#8221;off&#8221; button_two_bg_color__hover_enabled=&#8221;off&#8221;][\/et_pb_contact_field][et_pb_contact_field field_id=&#8221;Email&#8221; field_title=&#8221;E-mail&#8221; field_type=&#8221;email&#8221; _builder_version=&#8221;4.4.5&#8243; form_field_font_size=&#8221;16px&#8221; button_text_size__hover_enabled=&#8221;off&#8221; button_one_text_size__hover_enabled=&#8221;off&#8221; button_two_text_size__hover_enabled=&#8221;off&#8221; button_text_color__hover_enabled=&#8221;off&#8221; button_one_text_color__hover_enabled=&#8221;off&#8221; button_two_text_color__hover_enabled=&#8221;off&#8221; button_border_width__hover_enabled=&#8221;off&#8221; button_one_border_width__hover_enabled=&#8221;off&#8221; button_two_border_width__hover_enabled=&#8221;off&#8221; button_border_color__hover_enabled=&#8221;off&#8221; button_one_border_color__hover_enabled=&#8221;off&#8221; button_two_border_color__hover_enabled=&#8221;off&#8221; button_border_radius__hover_enabled=&#8221;off&#8221; button_one_border_radius__hover_enabled=&#8221;off&#8221; button_two_border_radius__hover_enabled=&#8221;off&#8221; button_letter_spacing__hover_enabled=&#8221;off&#8221; button_one_letter_spacing__hover_enabled=&#8221;off&#8221; button_two_letter_spacing__hover_enabled=&#8221;off&#8221; button_bg_color__hover_enabled=&#8221;off&#8221; button_one_bg_color__hover_enabled=&#8221;off&#8221; button_two_bg_color__hover_enabled=&#8221;off&#8221;][\/et_pb_contact_field][et_pb_contact_field field_id=&#8221;Message&#8221; field_title=&#8221;\u00dczenet&#8221; field_type=&#8221;text&#8221; fullwidth_field=&#8221;on&#8221; _builder_version=&#8221;4.4.3&#8243; form_field_font_size=&#8221;16px&#8221; button_text_size__hover_enabled=&#8221;off&#8221; button_one_text_size__hover_enabled=&#8221;off&#8221; button_two_text_size__hover_enabled=&#8221;off&#8221; button_text_color__hover_enabled=&#8221;off&#8221; button_one_text_color__hover_enabled=&#8221;off&#8221; button_two_text_color__hover_enabled=&#8221;off&#8221; button_border_width__hover_enabled=&#8221;off&#8221; button_one_border_width__hover_enabled=&#8221;off&#8221; button_two_border_width__hover_enabled=&#8221;off&#8221; button_border_color__hover_enabled=&#8221;off&#8221; button_one_border_color__hover_enabled=&#8221;off&#8221; button_two_border_color__hover_enabled=&#8221;off&#8221; button_border_radius__hover_enabled=&#8221;off&#8221; button_one_border_radius__hover_enabled=&#8221;off&#8221; button_two_border_radius__hover_enabled=&#8221;off&#8221; button_letter_spacing__hover_enabled=&#8221;off&#8221; button_one_letter_spacing__hover_enabled=&#8221;off&#8221; button_two_letter_spacing__hover_enabled=&#8221;off&#8221; button_bg_color__hover_enabled=&#8221;off&#8221; button_one_bg_color__hover_enabled=&#8221;off&#8221; button_two_bg_color__hover_enabled=&#8221;off&#8221;][\/et_pb_contact_field][\/et_pb_contact_form][\/et_pb_column][\/et_pb_row][\/et_pb_section]<\/p>","protected":false},"excerpt":{"rendered":"<p>[et_pb_section fb_built=&#8221;1&#8243; _builder_version=&#8221;4.4.8&#8243; background_color=&#8221;rgba(0,0,0,0.4)&#8221; background_image=&#8221;https:\/\/feherandras.hu\/wp-content\/uploads\/2020\/05\/belteri-fa-fedett-hangjegyek-697672.jpg&#8221; parallax=&#8221;on&#8221; saved_tabs=&#8221;all&#8221;][et_pb_row _builder_version=&#8221;4.4.8&#8243;][et_pb_column type=&#8221;4_4&#8243; _builder_version=&#8221;4.4.8&#8243;][et_pb_text _builder_version=&#8221;4.4.8&#8243; header_text_color=&#8221;#ffffff&#8221; header_font_size=&#8221;40px&#8221; custom_padding=&#8221;52px||52px||true|false&#8221; header_text_shadow_style=&#8221;preset1&#8243;] Kapcsolat [\/et_pb_text][\/et_pb_column][\/et_pb_row][\/et_pb_section][et_pb_section fb_built=&#8221;1&#8243; _builder_version=&#8221;4.4.3&#8243;][et_pb_row column_structure=&#8221;1_2,1_2&#8243; _builder_version=&#8221;4.4.3&#8243;][et_pb_column type=&#8221;1_2&#8243; _builder_version=&#8221;4.4.3&#8243;][et_pb_text _builder_version=&#8221;4.7.3&#8243; header_3_font=&#8221;Raleway|600|||||||&#8221; header_3_font_size=&#8221;24px&#8221;] Egyeztessen velem szem\u00e9lyre szabottan, telefonon kereszt\u00fcl foglalt id\u0151pontban: [\/et_pb_text][et_pb_text _builder_version=&#8221;4.7.3&#8243; text_font=&#8221;Raleway|300|||||||&#8221; text_text_color=&#8221;#888888&#8243;] C\u00edm:\u00a01123, Budapest, Alkot\u00e1s utca 23.-25. E-mail: andrasfeher.violin@gmail.com Mobil: +36-70-409-1461 [\/et_pb_text][\/et_pb_column][et_pb_column type=&#8221;1_2&#8243; _builder_version=&#8221;4.4.3&#8243;][et_pb_text _builder_version=&#8221;4.4.3&#8243; header_font_size=&#8221;40px&#8221; header_2_font=&#8221;Exo 2||||||||&#8221; header_2_text_color=&#8221;#bd926d&#8221; [&hellip;]<\/p>","protected":false},"author":1,"featured_media":411,"parent":0,"menu_order":0,"comment_status":"closed","ping_status":"closed","template":"","meta":{"_et_pb_use_builder":"on","_et_pb_old_content":"","_et_gb_content_width":""},"_links":{"self":[{"href":"https:\/\/feherandras.hu\/en\/wp-json\/wp\/v2\/pages\/120"}],"collection":[{"href":"https:\/\/feherandras.hu\/en\/wp-json\/wp\/v2\/pages"}],"about":[{"href":"https:\/\/feherandras.hu\/en\/wp-json\/wp\/v2\/types\/page"}],"author":[{"embeddable":true,"href":"https:\/\/feherandras.hu\/en\/wp-json\/wp\/v2\/users\/1"}],"replies":[{"embeddable":true,"href":"https:\/\/feherandras.hu\/en\/wp-json\/wp\/v2\/comments?post=120"}],"version-history":[{"count":22,"href":"https:\/\/feherandras.hu\/en\/wp-json\/wp\/v2\/pages\/120\/revisions"}],"predecessor-version":[{"id":814,"href":"https:\/\/feherandras.hu\/en\/wp-json\/wp\/v2\/pages\/120\/revisions\/814"}],"wp:featuredmedia":[{"embeddable":true,"href":"https:\/\/feherandras.hu\/en\/wp-json\/wp\/v2\/media\/411"}],"wp:attachment":[{"href":"https:\/\/feherandras.hu\/en\/wp-json\/wp\/v2\/media?parent=120"}],"curies":[{"name":"wp","href":"https:\/\/api.w.org\/{rel}","templated":true}]}}