{"id":116,"date":"2020-04-28T05:38:51","date_gmt":"2020-04-28T05:38:51","guid":{"rendered":"https:\/\/feherandras.hu\/?page_id=116"},"modified":"2021-07-13T11:18:02","modified_gmt":"2021-07-13T11:18:02","slug":"szolgaltatasok","status":"publish","type":"page","link":"https:\/\/feherandras.hu\/en\/szolgaltatasok\/","title":{"rendered":"Services"},"content":{"rendered":"<p>[et_pb_section fb_built=&#8221;1&#8243; _builder_version=&#8221;4.4.8&#8243; background_color=&#8221;rgba(0,0,0,0.4)&#8221; background_image=&#8221;https:\/\/feherandras.hu\/wp-content\/uploads\/2020\/05\/cedar-top-violin-165974-1.jpg&#8221; parallax=&#8221;on&#8221; saved_tabs=&#8221;all&#8221;][et_pb_row _builder_version=&#8221;4.4.8&#8243;][et_pb_column type=&#8221;4_4&#8243; _builder_version=&#8221;4.4.8&#8243;][et_pb_text _builder_version=&#8221;4.4.8&#8243; header_text_color=&#8221;#ffffff&#8221; header_font_size=&#8221;40px&#8221; custom_padding=&#8221;52px||52px||true|false&#8221; header_text_shadow_style=&#8221;preset1&#8243;]<\/p>\n<h1 style=\"text-align: center;\">Services<\/h1>\n<p>[\/et_pb_text][\/et_pb_column][\/et_pb_row][\/et_pb_section][et_pb_section fb_built=&#8221;1&#8243; custom_padding_last_edited=&#8221;on|phone&#8221; admin_label=&#8221;Services&#8221; _builder_version=&#8221;4.4.5&#8243; custom_padding=&#8221;70px|||||&#8221; custom_padding_tablet=&#8221;0px||0px||true|false&#8221; custom_padding_phone=&#8221;&#8221; locked=&#8221;off&#8221;][et_pb_row column_structure=&#8221;1_3,1_3,1_3&#8243; make_equal=&#8221;on&#8221; _builder_version=&#8221;4.4.5&#8243;][et_pb_column type=&#8221;1_3&#8243; _builder_version=&#8221;4.0.9&#8243;][et_pb_text _builder_version=&#8221;4.4.5&#8243; text_font=&#8221;|600|||||||&#8221; header_3_font=&#8221;Raleway|700||on|||||&#8221; header_3_font_size=&#8221;16px&#8221; header_3_letter_spacing=&#8221;3px&#8221; header_3_line_height=&#8221;1.6em&#8221; use_background_color_gradient=&#8221;on&#8221; background_color_gradient_start=&#8221;rgba(52,43,28,0.45)&#8221; background_color_gradient_end=&#8221;#342b1c&#8221; background_color_gradient_overlays_image=&#8221;on&#8221; background_image=&#8221;https:\/\/feherandras.hu\/wp-content\/uploads\/2020\/05\/IMG_8852-6.jpg&#8221; z_index=&#8221;11&#8243; text_orientation=&#8221;center&#8221; background_layout=&#8221;dark&#8221; custom_margin=&#8221;||0px||false|false&#8221; custom_padding=&#8221;180px|20px|100px|20px|false|true&#8221; custom_padding_tablet=&#8221;80px||80px||true|false&#8221; custom_padding_phone=&#8221;&#8221; custom_padding_last_edited=&#8221;on|desktop&#8221; link_option_url=&#8221;\/vonos-hangszerek-keszitese&#8221; custom_padding__hover_enabled=&#8221;on|desktop&#8221; custom_padding__hover=&#8221;160px||120px||false|false&#8221;]<\/p>\n<h3>stringed instruments<br \/> advice<\/h3>\n<p>&nbsp;<\/p>\n<p>[\/et_pb_text][\/et_pb_column][et_pb_column type=&#8221;1_3&#8243; _builder_version=&#8221;4.0.9&#8243;][et_pb_text _builder_version=&#8221;4.4.5&#8243; text_font=&#8221;|600|||||||&#8221; header_3_font=&#8221;Raleway|700||on|||||&#8221; header_3_font_size=&#8221;16px&#8221; header_3_letter_spacing=&#8221;3px&#8221; header_3_line_height=&#8221;1.6em&#8221; use_background_color_gradient=&#8221;on&#8221; background_color_gradient_start=&#8221;rgba(52,43,28,0.45)&#8221; background_color_gradient_end=&#8221;#342b1c&#8221; background_color_gradient_overlays_image=&#8221;on&#8221; background_image=&#8221;https:\/\/feherandras.hu\/wp-content\/uploads\/2020\/05\/IMG_20190915_212538_480.jpg&#8221; z_index=&#8221;11&#8243; text_orientation=&#8221;center&#8221; background_layout=&#8221;dark&#8221; custom_margin=&#8221;||0px||false|false&#8221; custom_padding=&#8221;180px|20px|100px|20px|false|true&#8221; custom_padding_tablet=&#8221;80px||80px||true|false&#8221; custom_padding_phone=&#8221;&#8221; custom_padding_last_edited=&#8221;on|desktop&#8221; link_option_url=&#8221;\/vonos-hangszerek-es-vonok-javitasa&#8221; custom_padding__hover_enabled=&#8221;on|desktop&#8221; custom_padding__hover=&#8221;160px||120px||false|false&#8221;]<\/p>\n<h3>stringed instruments<br \/> and strings repair<\/h3>\n<p>&nbsp;<\/p>\n<p>[\/et_pb_text][\/et_pb_column][et_pb_column type=&#8221;1_3&#8243; _builder_version=&#8221;4.0.9&#8243;][et_pb_text _builder_version=&#8221;4.4.5&#8243; text_font=&#8221;|600|||||||&#8221; header_3_font=&#8221;Raleway|700||on|||||&#8221; header_3_font_size=&#8221;16px&#8221; header_3_letter_spacing=&#8221;3px&#8221; header_3_line_height=&#8221;1.6em&#8221; use_background_color_gradient=&#8221;on&#8221; background_color_gradient_start=&#8221;rgba(52,43,28,0.45)&#8221; background_color_gradient_end=&#8221;#342b1c&#8221; background_color_gradient_overlays_image=&#8221;on&#8221; background_image=&#8221;https:\/\/feherandras.hu\/wp-content\/uploads\/2020\/05\/IMG_20190925_115806_229-1-1.jpg&#8221; z_index=&#8221;11&#8243; text_orientation=&#8221;center&#8221; background_layout=&#8221;dark&#8221; custom_margin=&#8221;||0px||false|false&#8221; custom_padding=&#8221;180px|20px|100px|20px|false|true&#8221; custom_padding_tablet=&#8221;80px||80px||true|false&#8221; custom_padding_phone=&#8221;&#8221; custom_padding_last_edited=&#8221;on|desktop&#8221; link_option_url=&#8221;\/tartozekok-arusitasa&#8221; custom_padding__hover_enabled=&#8221;on|desktop&#8221; custom_padding__hover=&#8221;160px||120px||false|false&#8221;]<\/p>\n<h3>accessories<br \/> for sale<\/h3>\n<p>&nbsp;<\/p>\n<p>[\/et_pb_text][\/et_pb_column][\/et_pb_row][et_pb_row column_structure=&#8221;1_3,1_3,1_3&#8243; make_equal=&#8221;on&#8221; _builder_version=&#8221;4.0.9&#8243;][et_pb_column type=&#8221;1_3&#8243; _builder_version=&#8221;4.0.9&#8243;][et_pb_text _builder_version=&#8221;4.4.8&#8243; text_font=&#8221;|600|||||||&#8221; header_3_font=&#8221;Raleway|700||on|||||&#8221; header_3_font_size=&#8221;16px&#8221; header_3_letter_spacing=&#8221;3px&#8221; header_3_line_height=&#8221;1.6em&#8221; use_background_color_gradient=&#8221;on&#8221; background_color_gradient_start=&#8221;rgba(52,43,28,0.45)&#8221; background_color_gradient_end=&#8221;#342b1c&#8221; background_color_gradient_overlays_image=&#8221;on&#8221; background_image=&#8221;https:\/\/feherandras.hu\/wp-content\/uploads\/2020\/05\/instrument-3208416.jpg&#8221; z_index=&#8221;11&#8243; text_orientation=&#8221;center&#8221; background_layout=&#8221;dark&#8221; custom_margin=&#8221;||0px||false|false&#8221; custom_padding=&#8221;180px|20px|100px|20px|false|true&#8221; custom_padding_tablet=&#8221;80px||80px||true|false&#8221; custom_padding_phone=&#8221;&#8221; custom_padding_last_edited=&#8221;on|desktop&#8221; link_option_url=&#8221;\/vonos-hangszer-berbeadas&#8221; custom_padding__hover_enabled=&#8221;on|desktop&#8221; custom_padding__hover=&#8221;160px||120px||false|false&#8221;]<\/p>\n<h3>Rentals<\/h3>\n<p>&nbsp;<\/p>\n<p>[\/et_pb_text][\/et_pb_column][et_pb_column type=&#8221;1_3&#8243; _builder_version=&#8221;4.0.9&#8243;][et_pb_text _builder_version=&#8221;4.4.5&#8243; text_font=&#8221;|600|||||||&#8221; header_3_font=&#8221;Raleway|700||on|||||&#8221; header_3_font_size=&#8221;16px&#8221; header_3_letter_spacing=&#8221;3px&#8221; header_3_line_height=&#8221;1.6em&#8221; use_background_color_gradient=&#8221;on&#8221; background_color_gradient_start=&#8221;rgba(52,43,28,0.45)&#8221; background_color_gradient_end=&#8221;#342b1c&#8221; background_color_gradient_overlays_image=&#8221;on&#8221; background_image=&#8221;https:\/\/feherandras.hu\/wp-content\/uploads\/2020\/05\/bowed-instrument-1853324.jpg&#8221; z_index=&#8221;11&#8243; text_orientation=&#8221;center&#8221; background_layout=&#8221;dark&#8221; custom_margin=&#8221;||0px||false|false&#8221; custom_padding=&#8221;180px|20px|100px|20px|false|true&#8221; custom_padding_tablet=&#8221;80px||80px||true|false&#8221; custom_padding_phone=&#8221;&#8221; custom_padding_last_edited=&#8221;on|desktop&#8221; link_option_url=&#8221;\/szakertoi-velemeny-keszitese&#8221; custom_padding__hover_enabled=&#8221;on|desktop&#8221; custom_padding__hover=&#8221;160px||120px||false|false&#8221;]<\/p>\n<h3>Expert<br \/> advice<\/h3>\n<p>&nbsp;<\/p>\n<p>[\/et_pb_text][\/et_pb_column][et_pb_column type=&#8221;1_3&#8243; _builder_version=&#8221;4.0.9&#8243;][et_pb_text _builder_version=&#8221;4.4.5&#8243; text_font=&#8221;|600|||||||&#8221; header_3_font=&#8221;Raleway|700||on|||||&#8221; header_3_font_size=&#8221;16px&#8221; header_3_letter_spacing=&#8221;3px&#8221; header_3_line_height=&#8221;1.6em&#8221; use_background_color_gradient=&#8221;on&#8221; background_color_gradient_start=&#8221;rgba(52,43,28,0.45)&#8221; background_color_gradient_end=&#8221;#342b1c&#8221; background_color_gradient_overlays_image=&#8221;on&#8221; background_image=&#8221;https:\/\/feherandras.hu\/wp-content\/uploads\/2020\/05\/shutterstock_458684950-760&#215;505-1.jpg&#8221; z_index=&#8221;11&#8243; text_orientation=&#8221;center&#8221; background_layout=&#8221;dark&#8221; custom_margin=&#8221;||0px||false|false&#8221; custom_padding=&#8221;180px|20px|100px|20px|false|true&#8221; custom_padding_tablet=&#8221;80px||80px||true|false&#8221; custom_padding_phone=&#8221;&#8221; custom_padding_last_edited=&#8221;on|desktop&#8221; link_option_url=&#8221;\/helyszini-javitas-karbantartas&#8221; custom_padding__hover_enabled=&#8221;on|desktop&#8221; custom_padding__hover=&#8221;160px||120px||false|false&#8221;]<\/p>\n<h3>On-site repair, maintenance<\/h3>\n<p>&nbsp;<\/p>\n<p>[\/et_pb_text][\/et_pb_column][\/et_pb_row][et_pb_row column_structure=&#8221;1_3,1_3,1_3&#8243; make_equal=&#8221;on&#8221; _builder_version=&#8221;4.0.9&#8243;][et_pb_column type=&#8221;1_3&#8243; _builder_version=&#8221;4.0.9&#8243;][et_pb_text _builder_version=&#8221;4.4.5&#8243; text_font=&#8221;|600|||||||&#8221; header_3_font=&#8221;Raleway|700||on|||||&#8221; header_3_font_size=&#8221;16px&#8221; header_3_letter_spacing=&#8221;3px&#8221; header_3_line_height=&#8221;1.6em&#8221; use_background_color_gradient=&#8221;on&#8221; background_color_gradient_start=&#8221;rgba(52,43,28,0.45)&#8221; background_color_gradient_end=&#8221;#342b1c&#8221; background_color_gradient_overlays_image=&#8221;on&#8221; background_image=&#8221;https:\/\/feherandras.hu\/wp-content\/uploads\/2020\/05\/violin-2560312.jpg&#8221; z_index=&#8221;11&#8243; text_orientation=&#8221;center&#8221; background_layout=&#8221;dark&#8221; custom_margin=&#8221;||0px||false|false&#8221; custom_padding=&#8221;180px|20px|100px|20px|false|true&#8221; custom_padding_tablet=&#8221;80px||80px||true|false&#8221; custom_padding_phone=&#8221;&#8221; custom_padding_last_edited=&#8221;on|desktop&#8221; link_option_url=&#8221;\/vonos-hangszer-felvasarlas&#8221; custom_padding__hover_enabled=&#8221;on|desktop&#8221; custom_padding__hover=&#8221;160px||120px||false|false&#8221;]<\/p>\n<h3>Von\u00f3s hangszer<br \/> felv\u00e1s\u00e1rl\u00e1s<\/h3>\n<p>&nbsp;<\/p>\n<p>[\/et_pb_text][\/et_pb_column][et_pb_column type=&#8221;1_3&#8243; _builder_version=&#8221;4.0.9&#8243;][et_pb_text _builder_version=&#8221;4.4.5&#8243; text_font=&#8221;|600|||||||&#8221; header_3_font=&#8221;Raleway|700||on|||||&#8221; header_3_font_size=&#8221;16px&#8221; header_3_letter_spacing=&#8221;3px&#8221; header_3_line_height=&#8221;1.6em&#8221; use_background_color_gradient=&#8221;on&#8221; background_color_gradient_start=&#8221;rgba(52,43,28,0.45)&#8221; background_color_gradient_end=&#8221;#342b1c&#8221; background_color_gradient_overlays_image=&#8221;on&#8221; background_image=&#8221;https:\/\/feherandras.hu\/wp-content\/uploads\/2020\/05\/88219555_s.jpg&#8221; z_index=&#8221;11&#8243; text_orientation=&#8221;center&#8221; background_layout=&#8221;dark&#8221; custom_margin=&#8221;||0px||false|false&#8221; custom_padding=&#8221;180px|20px|100px|20px|false|true&#8221; custom_padding_tablet=&#8221;80px||80px||true|false&#8221; custom_padding_phone=&#8221;&#8221; custom_padding_last_edited=&#8221;on|desktop&#8221; link_option_url=&#8221;\/vonos-hangszerek-arusitasa&#8221; custom_padding__hover_enabled=&#8221;on|desktop&#8221; custom_padding__hover=&#8221;160px||120px||false|false&#8221;]<\/p>\n<h3>stringed instruments for sale<\/h3>\n<p>&nbsp;<\/p>\n<p>[\/et_pb_text][\/et_pb_column][et_pb_column type=&#8221;1_3&#8243; _builder_version=&#8221;4.0.9&#8243;][\/et_pb_column][\/et_pb_row][\/et_pb_section][et_pb_section fb_built=&#8221;1&#8243; custom_padding_last_edited=&#8221;on|phone&#8221; admin_label=&#8221;Szakasz&#8221; _builder_version=&#8221;4.4.8&#8243; background_color=&#8221;#4c4c4c&#8221; background_image=&#8221;https:\/\/feherandras.hu\/wp-content\/uploads\/2020\/04\/pexels-photo-165973.jpg&#8221; background_blend=&#8221;overlay&#8221; custom_padding=&#8221;85px||85px||true|false&#8221; custom_padding_tablet=&#8221;&#8221; custom_padding_phone=&#8221;49px||49px||true|false&#8221; global_module=&#8221;616&#8243;][et_pb_row _builder_version=&#8221;4.4.8&#8243; width_tablet=&#8221;&#8221; width_phone=&#8221;90%&#8221; width_last_edited=&#8221;on|desktop&#8221; max_width=&#8221;2560px&#8221;][et_pb_column type=&#8221;4_4&#8243; _builder_version=&#8221;4.4.8&#8243;][et_pb_text _builder_version=&#8221;4.4.8&#8243; header_2_text_align=&#8221;center&#8221; header_2_text_color=&#8221;#ffffff&#8221; header_2_font_size=&#8221;40px&#8221; header_2_font_size_tablet=&#8221;&#8221; header_2_font_size_phone=&#8221;30px&#8221; header_2_font_size_last_edited=&#8221;on|phone&#8221;]<\/p>\n<h2 class=\"et_pb_module_header et-fb-editable-element et-fb-editable-element__editing\" data-shortcode-id=\"3.0-1591641166054\" data-quickaccess-id=\"title\" contenteditable=\"true\">Expertise and quality for the lover of all stringed instruments.<\/h2>\n<p>[\/et_pb_text][et_pb_button button_url=&#8221;\/kapcsolat&#8221; button_text=&#8221;K\u00e9rjen aj\u00e1nlatot!&#8221; button_alignment=&#8221;center&#8221; _builder_version=&#8221;4.7.3&#8243; custom_button=&#8221;on&#8221; button_text_color=&#8221;#ffffff&#8221; button_bg_color=&#8221;#bd926d&#8221; button_border_width=&#8221;0px&#8221; button_font=&#8221;|300|||||||&#8221;][\/et_pb_button][\/et_pb_column][\/et_pb_row][\/et_pb_section]<\/p>","protected":false},"excerpt":{"rendered":"<p>[et_pb_section fb_built=&#8221;1&#8243; _builder_version=&#8221;4.4.8&#8243; background_color=&#8221;rgba(0,0,0,0.4)&#8221; background_image=&#8221;https:\/\/feherandras.hu\/wp-content\/uploads\/2020\/05\/cedar-top-violin-165974-1.jpg&#8221; parallax=&#8221;on&#8221; saved_tabs=&#8221;all&#8221;][et_pb_row _builder_version=&#8221;4.4.8&#8243;][et_pb_column type=&#8221;4_4&#8243; _builder_version=&#8221;4.4.8&#8243;][et_pb_text _builder_version=&#8221;4.4.8&#8243; header_text_color=&#8221;#ffffff&#8221; header_font_size=&#8221;40px&#8221; custom_padding=&#8221;52px||52px||true|false&#8221; header_text_shadow_style=&#8221;preset1&#8243;] Szolg\u00e1ltat\u00e1sok [\/et_pb_text][\/et_pb_column][\/et_pb_row][\/et_pb_section][et_pb_section fb_built=&#8221;1&#8243; custom_padding_last_edited=&#8221;on|phone&#8221; admin_label=&#8221;Services&#8221; _builder_version=&#8221;4.4.5&#8243; custom_padding=&#8221;70px|||||&#8221; custom_padding_tablet=&#8221;0px||0px||true|false&#8221; custom_padding_phone=&#8221;&#8221; locked=&#8221;off&#8221;][et_pb_row column_structure=&#8221;1_3,1_3,1_3&#8243; make_equal=&#8221;on&#8221; _builder_version=&#8221;4.4.5&#8243;][et_pb_column type=&#8221;1_3&#8243; _builder_version=&#8221;4.0.9&#8243;][et_pb_text _builder_version=&#8221;4.4.5&#8243; text_font=&#8221;|600|||||||&#8221; header_3_font=&#8221;Raleway|700||on|||||&#8221; header_3_font_size=&#8221;16px&#8221; header_3_letter_spacing=&#8221;3px&#8221; header_3_line_height=&#8221;1.6em&#8221; use_background_color_gradient=&#8221;on&#8221; background_color_gradient_start=&#8221;rgba(52,43,28,0.45)&#8221; background_color_gradient_end=&#8221;#342b1c&#8221; background_color_gradient_overlays_image=&#8221;on&#8221; background_image=&#8221;https:\/\/feherandras.hu\/wp-content\/uploads\/2020\/05\/IMG_8852-6.jpg&#8221; z_index=&#8221;11&#8243; text_orientation=&#8221;center&#8221; background_layout=&#8221;dark&#8221; custom_margin=&#8221;||0px||false|false&#8221; custom_padding=&#8221;180px|20px|100px|20px|false|true&#8221; custom_padding_tablet=&#8221;80px||80px||true|false&#8221; custom_padding_phone=&#8221;&#8221; custom_padding_last_edited=&#8221;on|desktop&#8221; link_option_url=&#8221;\/vonos-hangszerek-keszitese&#8221; custom_padding__hover_enabled=&#8221;on|desktop&#8221; custom_padding__hover=&#8221;160px||120px||false|false&#8221;] Von\u00f3s hangszerek k\u00e9sz\u00edt\u00e9se [&hellip;]<\/p>","protected":false},"author":1,"featured_media":427,"parent":0,"menu_order":0,"comment_status":"closed","ping_status":"closed","template":"","meta":{"_et_pb_use_builder":"on","_et_pb_old_content":"","_et_gb_content_width":""},"_links":{"self":[{"href":"https:\/\/feherandras.hu\/en\/wp-json\/wp\/v2\/pages\/116"}],"collection":[{"href":"https:\/\/feherandras.hu\/en\/wp-json\/wp\/v2\/pages"}],"about":[{"href":"https:\/\/feherandras.hu\/en\/wp-json\/wp\/v2\/types\/page"}],"author":[{"embeddable":true,"href":"https:\/\/feherandras.hu\/en\/wp-json\/wp\/v2\/users\/1"}],"replies":[{"embeddable":true,"href":"https:\/\/feherandras.hu\/en\/wp-json\/wp\/v2\/comments?post=116"}],"version-history":[{"count":28,"href":"https:\/\/feherandras.hu\/en\/wp-json\/wp\/v2\/pages\/116\/revisions"}],"predecessor-version":[{"id":780,"href":"https:\/\/feherandras.hu\/en\/wp-json\/wp\/v2\/pages\/116\/revisions\/780"}],"wp:featuredmedia":[{"embeddable":true,"href":"https:\/\/feherandras.hu\/en\/wp-json\/wp\/v2\/media\/427"}],"wp:attachment":[{"href":"https:\/\/feherandras.hu\/en\/wp-json\/wp\/v2\/media?parent=116"}],"curies":[{"name":"wp","href":"https:\/\/api.w.org\/{rel}","templated":true}]}}